{"id":2229,"date":"2023-08-24T17:16:48","date_gmt":"2023-08-24T12:16:48","guid":{"rendered":"https:\/\/101insurance.ca\/cong-cu-phan-tich-tai-chinh\/"},"modified":"2023-09-15T21:49:46","modified_gmt":"2023-09-15T16:49:46","slug":"cong-cu-phan-tich-tai-chinh","status":"publish","type":"page","link":"https:\/\/101insurance.ca\/vi\/cong-cu-phan-tich-tai-chinh\/","title":{"rendered":"C\u00f4ng c\u1ee5 ph\u00e2n t\u00edch t\u00e0i ch\u00ednh"},"content":{"rendered":"\t\t<div data-elementor-type=\"wp-page\" data-elementor-id=\"2229\" class=\"elementor elementor-2229 elementor-1023\" data-elementor-post-type=\"page\">\n\t\t\t\t<div class=\"elementor-element elementor-element-2d904e7b e-con-full e-flex wpr-particle-no wpr-jarallax-no wpr-parallax-no wpr-sticky-section-no e-con e-parent\" data-id=\"2d904e7b\" data-element_type=\"container\" data-settings=\"{&quot;background_background&quot;:&quot;classic&quot;}\">\n\t\t<div class=\"elementor-element elementor-element-4096d526 e-con-full e-flex wpr-particle-no wpr-jarallax-no wpr-parallax-no wpr-sticky-section-no e-con e-parent\" data-id=\"4096d526\" data-element_type=\"container\" data-settings=\"{&quot;background_background&quot;:&quot;classic&quot;}\">\n\t\t<div class=\"elementor-element elementor-element-3d837a3f e-flex e-con-boxed wpr-particle-no wpr-jarallax-no wpr-parallax-no wpr-sticky-section-no e-con e-parent\" data-id=\"3d837a3f\" data-element_type=\"container\">\n\t\t\t\t\t<div class=\"e-con-inner\">\n\t\t\t\t<div class=\"elementor-element elementor-element-1a6a83d0 elementor-widget__width-initial elementor-widget elementor-widget-heading\" data-id=\"1a6a83d0\" data-element_type=\"widget\" data-widget_type=\"heading.default\">\n\t\t\t\t<div class=\"elementor-widget-container\">\n\t\t\t\t\t<h1 class=\"elementor-heading-title elementor-size-default\">C\u00f4ng c\u1ee5 ph\u00e2n t\u00edch t\u00e0i ch\u00ednh<\/h1>\t\t\t\t<\/div>\n\t\t\t\t<\/div>\n\t\t\t\t\t<\/div>\n\t\t\t\t<\/div>\n\t\t\t\t<\/div>\n\t\t\t\t<\/div>\n\t\t<div class=\"elementor-element elementor-element-341132c e-flex e-con-boxed wpr-particle-no wpr-jarallax-no wpr-parallax-no wpr-sticky-section-no e-con e-parent\" data-id=\"341132c\" data-element_type=\"container\">\n\t\t\t\t\t<div class=\"e-con-inner\">\n\t\t\t\t\t<\/div>\n\t\t\t\t<\/div>\n\t\t<div class=\"elementor-element elementor-element-d0b9a17 e-flex e-con-boxed wpr-particle-no wpr-jarallax-no wpr-parallax-no wpr-sticky-section-no e-con e-parent\" data-id=\"d0b9a17\" data-element_type=\"container\">\n\t\t\t\t\t<div class=\"e-con-inner\">\n\t\t<div class=\"elementor-element elementor-element-4092f02 e-con-full e-flex wpr-particle-no wpr-jarallax-no wpr-parallax-no wpr-sticky-section-no e-con e-parent\" data-id=\"4092f02\" data-element_type=\"container\">\n\t\t\t\t<div class=\"elementor-element elementor-element-fa2b010 elementor-widget__width-initial elementor-widget elementor-widget-video\" data-id=\"fa2b010\" data-element_type=\"widget\" data-settings=\"{&quot;video_type&quot;:&quot;hosted&quot;,&quot;controls&quot;:&quot;yes&quot;}\" data-widget_type=\"video.default\">\n\t\t\t\t<div class=\"elementor-widget-container\">\n\t\t\t\t\t\t\t<div class=\"e-hosted-video elementor-wrapper elementor-open-inline\">\n\t\t\t\t\t<video class=\"elementor-video\" src=\"https:\/\/s3.amazonaws.com\/appforest_uf\/f1674505891730x536869988781421000\/Market%20Survey%20-%20Video%20Template.mp4\" controls=\"\" preload=\"metadata\" controlsList=\"nodownload\"><\/video>\n\t\t\t\t<\/div>\n\t\t\t\t\t\t<\/div>\n\t\t\t\t<\/div>\n\t\t\t\t<\/div>\n\t\t<div class=\"elementor-element elementor-element-9bddf21 e-con-full e-flex wpr-particle-no wpr-jarallax-no wpr-parallax-no wpr-sticky-section-no e-con e-parent\" data-id=\"9bddf21\" data-element_type=\"container\">\n\t\t\t\t<div class=\"elementor-element elementor-element-233f418 elementor-widget elementor-widget-text-editor\" data-id=\"233f418\" data-element_type=\"widget\" data-widget_type=\"text-editor.default\">\n\t\t\t\t<div class=\"elementor-widget-container\">\n\t\t\t\t\t\t\t\t\t<h2><strong>Heykyra &#8211; C\u00f4ng c\u1ee5 \u0111\u00e1nh gi\u00e1 th\u00f4ng tin t\u00e0i ch\u00ednh c\u00e1 nh\u00e2n nhanh ch\u00f3ng v\u00e0 ti\u1ec7n l\u1ee3i<\/strong><\/h2><p>B\u1ea1n mu\u1ed1n c\u00f3 t\u1ef1 tin \u0111\u1ec3 \u0111\u01b0a ra nh\u1eefng quy\u1ebft \u0111\u1ecbnh t\u00e0i ch\u00ednh nhanh ch\u00f3ng h\u01a1n v\u00e0 \u0111\u00fang \u0111\u1eafn h\u01a1n? \u0110\u1eebng lo! Ch\u00fang t\u00f4i c\u00f3 gi\u1ea3i ph\u00e1p \u0111\u01a1n gi\u1ea3n v\u00e0 hi\u1ec7u qu\u1ea3 d\u00e0nh cho b\u1ea1n! B\u1ea3o hi\u1ec3m Canada 101 hi\u1ec7n \u0111ang h\u1ee3p t\u00e1c v\u1edbi c\u00f4ng ty In Charge \u0111\u1ec3 ph\u00e1t tri\u1ec3n c\u00f4ng c\u1ee5 <strong>Heykyra<\/strong> v\u1edbi phi\u00ean b\u1ea3n d\u00e0nh cho ng\u01b0\u1eddi Vi\u1ec7t. Heykyra s\u1ebd l\u00e0 ng\u01b0\u1eddi b\u1ea1n \u0111\u1ed3ng h\u00e0nh tin c\u1eady gi\u00fap b\u1ea1n c\u00f3 c\u00e1i nh\u00ecn r\u00f5 r\u00e0ng h\u01a1n v\u1ec1 t\u00e0i ch\u00ednh c\u00e1 nh\u00e2n qua B\u00e1o c\u00e1o T\u00f3m t\u1eaft T\u00e0i ch\u00ednh <strong>MI\u1ec4N PH\u00cd<\/strong>. V\u1edbi Heykyra, b\u1ea1n s\u1ebd hi\u1ec3u r\u00f5 h\u01a1n v\u1ec1 t\u00ecnh h\u00ecnh t\u00e0i ch\u00ednh c\u1ee7a m\u00ecnh ch\u1ec9 trong v\u00e0i ph\u00fat. H\u00e3y c\u00f9ng kh\u00e1m ph\u00e1 c\u00e1ch B\u00e1o c\u00e1o t\u00e0i ch\u00ednh Money Moves c\u1ee7a Heykyra c\u00f3 th\u1ec3 thay \u0111\u1ed5i cu\u1ed9c h\u00e0nh tr\u00ecnh t\u00e0i ch\u00ednh c\u1ee7a b\u1ea1n.<\/p>\t\t\t\t\t\t\t\t<\/div>\n\t\t\t\t<\/div>\n\t\t\t\t<div class=\"elementor-element elementor-element-1c7c23e elementor-align-center elementor-widget elementor-widget-button\" data-id=\"1c7c23e\" data-element_type=\"widget\" data-widget_type=\"button.default\">\n\t\t\t\t<div class=\"elementor-widget-container\">\n\t\t\t\t\t\t\t\t\t<div class=\"elementor-button-wrapper\">\n\t\t\t\t\t<a class=\"elementor-button elementor-button-link elementor-size-lg\" href=\"https:\/\/beincharge.io\/heykyra?r=LIJHTSNS\" target=\"_blank\">\n\t\t\t\t\t\t<span class=\"elementor-button-content-wrapper\">\n\t\t\t\t\t\t\t\t\t<span class=\"elementor-button-text\">NH\u1eacN B\u00c1O C\u00c1O T\u00c0I CH\u00cdNH C\u00c1 NH\u00c2N MI\u1ec4N PH\u00cd T\u1ea0I \u0110\u00c2Y!<\/span>\n\t\t\t\t\t<\/span>\n\t\t\t\t\t<\/a>\n\t\t\t\t<\/div>\n\t\t\t\t\t\t\t\t<\/div>\n\t\t\t\t<\/div>\n\t\t\t\t<\/div>\n\t\t\t\t\t<\/div>\n\t\t\t\t<\/div>\n\t\t\t\t<section class=\"elementor-section elementor-top-section elementor-element elementor-element-5031fef0 elementor-section-boxed elementor-section-height-default elementor-section-height-default wpr-particle-no wpr-jarallax-no wpr-parallax-no wpr-sticky-section-no\" data-id=\"5031fef0\" data-element_type=\"section\">\n\t\t\t\t\t\t<div class=\"elementor-container elementor-column-gap-default\">\n\t\t\t\t\t<div class=\"elementor-column elementor-col-100 elementor-top-column elementor-element elementor-element-4289852f\" data-id=\"4289852f\" data-element_type=\"column\">\n\t\t\t<div class=\"elementor-widget-wrap elementor-element-populated\">\n\t\t\t\t\t\t<div class=\"elementor-element elementor-element-50c25f44 elementor-widget elementor-widget-text-editor\" data-id=\"50c25f44\" data-element_type=\"widget\" data-widget_type=\"text-editor.default\">\n\t\t\t\t<div class=\"elementor-widget-container\">\n\t\t\t\t\t\t\t\t\t<h2><strong>5 Th\u00e0nh Ph\u1ea7n Ch\u00ednh c\u1ee7a T\u00e0i Ch\u00ednh C\u00e1 Nh\u00e2n<\/strong><\/h2><p>Heykyra tin r\u1eb1ng vi\u1ec7c hi\u1ec3u r\u00f5 t\u00ecnh h\u00ecnh t\u00e0i ch\u00ednh c\u00e1 nh\u00e2n c\u1ee7a b\u1ea1n n\u00ean \u0111\u01a1n gi\u1ea3n v\u00e0 d\u1ec5 ti\u1ebfp c\u1eadn h\u01a1n. \u0110\u00f3 l\u00e0 l\u00fd do t\u1ea1i sao ch\u00fang t\u00f4i \u0111\u00e3 t\u00f3m g\u1ecdn th\u1ebf gi\u1edbi t\u00e0i ch\u00ednh c\u00e1 nh\u00e2n ph\u1ee9c t\u1ea1p v\u00e0o n\u0103m th\u00e0nh ph\u1ea7n ch\u00ednh: <strong>N\u1ee3, Nh\u00e0 \u1edf, T\u00ednh Linh Ho\u1ea1t T\u00e0i Ch\u00ednh, \u0110\u1ea7u T\u01b0 v\u00e0 \u0110\u00e1nh Gi\u00e1 T\u00edn D\u1ee5ng<\/strong>. V\u1edbi nh\u1eefng th\u00e0nh ph\u1ea7n n\u00e0y l\u00e0m n\u1ec1n t\u1ea3ng, B\u00e1o c\u00e1o Money Moves c\u1ee7a Heykyra s\u1ebd h\u01b0\u1edbng d\u1eabn b\u1ea1n \u0111i t\u1edbi nh\u1eefng quy\u1ebft \u0111\u1ecbnh t\u00e0i ch\u00ednh t\u1ef1 tin ph\u00f9 h\u1ee3p v\u1edbi t\u00ecnh h\u00ecnh t\u00e0i ch\u00ednh c\u1ee7a b\u1ea1n.<\/p><h3><span style=\"color: #000000;\"><strong>\u2705 B\u01b0\u1edbc 1: T\u00f3m T\u1eaft Nhanh Ch\u00f3ng <\/strong><\/span><\/h3><p>\u0110\u1ec3 hi\u1ec3u r\u00f5 h\u01a1n v\u1ec1 t\u00e0i ch\u00ednh, b\u1ea1n kh\u00f4ng c\u1ea7n ph\u1ea3i t\u1ed1n qu\u00e1 nhi\u1ec1u th\u1eddi gian. B\u00e1o c\u00e1o Money Moves c\u1ee7a Heykyra cho ph\u00e9p b\u1ea1n xem x\u00e9t l\u1ea1i t\u00ecnh h\u00ecnh t\u00e0i ch\u00ednh c\u1ee7a m\u00ecnh ch\u1ec9 trong 3-5 ph\u00fat. Trong kho\u1ea3ng th\u1eddi gian ng\u1eafn n\u00e0y, b\u1ea1n c\u00f3 th\u1ec3 nh\u00ecn t\u1ed5ng quan v\u1ec1 t\u00ecnh h\u00ecnh t\u00e0i ch\u00ednh, gi\u00fap b\u1ea1n \u0111\u01b0a ra nh\u1eefng quy\u1ebft \u0111\u1ecbnh th\u00f4ng th\u00e1i v\u00e0 \u0111\u1ea1t \u0111\u01b0\u1ee3c m\u1ee5c ti\u00eau nhanh h\u01a1n.<\/p><h3><span style=\"color: #000000;\"><strong>\u2705 B\u01b0\u1edbc 2: Th\u00f4ng Tin D\u1ec5 Hi\u1ec3u<\/strong><\/span><\/h3><p>Heykyra t\u1ef1 h\u00e0o v\u1ec1 kh\u1ea3 n\u0103ng tr\u00ecnh b\u00e0y c\u00e1c th\u00f4ng tin t\u00e0i ch\u00ednh m\u1ed9t c\u00e1ch d\u1ec5 hi\u1ec3u. Khi ho\u00e0n th\u00e0nh B\u00e1o c\u00e1o Money Moves, b\u1ea1n s\u1ebd nh\u1eadn \u0111\u01b0\u1ee3c m\u1ed9t t\u1ec7p PDF t\u1ea3i v\u1ec1 ngay l\u1eadp t\u1ee9c qua email ho\u1eb7c xem an to\u00e0n tr\u00ean tr\u00ecnh duy\u1ec7t c\u1ee7a m\u00ecnh, gi\u00fap b\u1ea1n d\u1ec5 d\u00e0ng hi\u1ec3u r\u00f5 th\u00f4ng tin.<\/p><h3><span style=\"color: #000000;\">\u2705 <b>B\u01b0\u1edbc 3: H\u00e0nh \u0110\u1ed9ng T\u1ef1 Tin<\/b><\/span><\/h3><p>C\u00f3 B\u00e1o c\u00e1o Money Moves c\u00e1 nh\u00e2n, b\u1ea1n c\u00f3 th\u1ec3 \u01b0u ti\u00ean c\u00e1c m\u1ee5c ti\u00eau t\u00e0i ch\u00ednh c\u1ee7a m\u00ecnh. T\u1eadp trung v\u00e0o ba m\u1ee5c ti\u00eau h\u00e0ng \u0111\u1ea7u v\u00e0 t\u00ecm s\u1ef1 h\u1ed7 tr\u1ee3 t\u1eeb chuy\u00ean gia t\u00e0i ch\u00ednh \u0111\u1ec3 nhanh ch\u00f3ng \u0111\u1ea1t \u0111\u01b0\u1ee3c m\u1ee5c ti\u00eau c\u1ee7a b\u1ea1n. Heykyra khuy\u1ebfn kh\u00edch b\u1ea1n h\u00e0nh \u0111\u1ed9ng t\u1eebng b\u01b0\u1edbc nh\u1ecf \u0111\u1ec3 t\u1ef1 \u0111\u1ed9ng h\u00f3a c\u00e1c kh\u00eda c\u1ea1nh t\u00e0i ch\u00ednh, gi\u1ea3m b\u1edbt c\u0103ng th\u1eb3ng v\u00e0 gi\u00fap b\u1ea1n duy tr\u00ec qu\u1ef9 th\u1eddi gian.<\/p>\t\t\t\t\t\t\t\t<\/div>\n\t\t\t\t<\/div>\n\t\t\t\t\t<\/div>\n\t\t<\/div>\n\t\t\t\t\t<\/div>\n\t\t<\/section>\n\t\t<div class=\"elementor-element elementor-element-48fc65c e-flex e-con-boxed wpr-particle-no wpr-jarallax-no wpr-parallax-no wpr-sticky-section-no e-con e-parent\" data-id=\"48fc65c\" data-element_type=\"container\">\n\t\t\t\t\t<div class=\"e-con-inner\">\n\t\t<div class=\"elementor-element elementor-element-2f3868f e-con-full e-flex wpr-particle-no wpr-jarallax-no wpr-parallax-no wpr-sticky-section-no e-con e-parent\" data-id=\"2f3868f\" data-element_type=\"container\">\n\t\t\t\t<div class=\"elementor-element elementor-element-6b652de elementor-widget elementor-widget-image\" data-id=\"6b652de\" data-element_type=\"widget\" data-widget_type=\"image.default\">\n\t\t\t\t<div class=\"elementor-widget-container\">\n\t\t\t\t\t\t\t\t\t\t\t\t\t\t\t<img fetchpriority=\"high\" decoding=\"async\" width=\"686\" height=\"800\" src=\"https:\/\/101insurance.ca\/wp-content\/uploads\/2023\/08\/Heykyra-2.png\" class=\"attachment-large size-large wp-image-1536\" alt=\"\" srcset=\"https:\/\/101insurance.ca\/wp-content\/uploads\/2023\/08\/Heykyra-2.png 686w, https:\/\/101insurance.ca\/wp-content\/uploads\/2023\/08\/Heykyra-2-257x300.png 257w\" sizes=\"(max-width: 686px) 100vw, 686px\" \/>\t\t\t\t\t\t\t\t\t\t\t\t\t\t\t<\/div>\n\t\t\t\t<\/div>\n\t\t\t\t<\/div>\n\t\t<div class=\"elementor-element elementor-element-c10feb4 e-con-full e-flex wpr-particle-no wpr-jarallax-no wpr-parallax-no wpr-sticky-section-no e-con e-parent\" data-id=\"c10feb4\" data-element_type=\"container\">\n\t\t\t\t<div class=\"elementor-element elementor-element-732a3b7 elementor-widget elementor-widget-image\" data-id=\"732a3b7\" data-element_type=\"widget\" data-widget_type=\"image.default\">\n\t\t\t\t<div class=\"elementor-widget-container\">\n\t\t\t\t\t\t\t\t\t\t\t\t\t\t\t<img decoding=\"async\" width=\"687\" height=\"876\" src=\"https:\/\/101insurance.ca\/wp-content\/uploads\/2023\/08\/Heykyra-1.png\" class=\"attachment-large size-large wp-image-1537\" alt=\"\" srcset=\"https:\/\/101insurance.ca\/wp-content\/uploads\/2023\/08\/Heykyra-1.png 687w, https:\/\/101insurance.ca\/wp-content\/uploads\/2023\/08\/Heykyra-1-235x300.png 235w\" sizes=\"(max-width: 687px) 100vw, 687px\" \/>\t\t\t\t\t\t\t\t\t\t\t\t\t\t\t<\/div>\n\t\t\t\t<\/div>\n\t\t\t\t<\/div>\n\t\t\t\t\t<\/div>\n\t\t\t\t<\/div>\n\t\t<div class=\"elementor-element elementor-element-4d1fab2 e-flex e-con-boxed wpr-particle-no wpr-jarallax-no wpr-parallax-no wpr-sticky-section-no e-con e-parent\" data-id=\"4d1fab2\" data-element_type=\"container\">\n\t\t\t\t\t<div class=\"e-con-inner\">\n\t\t\t\t<div class=\"elementor-element elementor-element-9ee366f elementor-widget elementor-widget-text-editor\" data-id=\"9ee366f\" data-element_type=\"widget\" data-widget_type=\"text-editor.default\">\n\t\t\t\t<div class=\"elementor-widget-container\">\n\t\t\t\t\t\t\t\t\t<h2><strong>B\u1ea3o V\u1ec7 T\u01b0\u01a1ng Lai T\u00e0i Ch\u00ednh<\/strong><\/h2><p><span style=\"color: #000000;\">Don&#8217;t let financial complexities hold you back from achieving your goals. Heykyra&#8217;s Money Moves Report provides you with a powerful tool to make confident financial decisions and take charge of your financial future. Embrace the simplicity and effectiveness of Heykyra&#8217;s approach, and start your journey towards financial well-being today. Get your FREE financial snapshot now and let Heykyra be your partner in financial success!<\/span><\/p><p>Heykyra kh\u00f4ng ch\u1ec9 cung c\u1ea5p th\u00f4ng tin &#8211; ch\u00fang t\u00f4i c\u00f2n gi\u00fap b\u1ea1n b\u1ea3o v\u1ec7 t\u01b0\u01a1ng lai t\u00e0i ch\u00ednh. D\u01b0\u1edbi \u0111\u00e2y l\u00e0 ba kh\u00eda c\u1ea1nh quan tr\u1ecdng \u0111\u1ec3 b\u1ea3o v\u1ec7 t\u00e0i ch\u00ednh c\u1ee7a b\u1ea1n:<\/p><ul><li><strong>B\u1ea3o v\u1ec7 thu nh\u1eadp v\u00e0 gia \u0111\u00ecnh: <\/strong>X\u00e2y d\u1ef1ng s\u1ef1 linh ho\u1ea1t t\u00e0i ch\u00ednh v\u1edbi qu\u1ef9 d\u1ef1 tr\u1eef kh\u1ea9n c\u1ea5p 3 th\u00e1ng v\u00e0 \u0111\u1ea3m b\u1ea3o b\u1ea3o hi\u1ec3m ph\u00f9 h\u1ee3p cho thu nh\u1eadp, s\u1ee9c kh\u1ecfe, gia \u0111\u00ecnh v\u00e0 cu\u1ed9c s\u1ed1ng c\u1ee7a b\u1ea1n.<\/li><li><strong>B\u1ea3o v\u1ec7 ti\u1ec1n c\u1ee7a b\u1ea1n kh\u1ecfi l\u1ea1m ph\u00e1t<\/strong>: T\u01b0 v\u1ea5n t\u1eeb chuy\u00ean gia gi\u00fap b\u1ea1n \u0111\u1ea7u t\u01b0 an to\u00e0n v\u00e0 \u0111\u1ea3m b\u1ea3o ti\u1ec1n c\u1ee7a b\u1ea1n ti\u1ebfp t\u1ee5c \u0111\u00e1p \u1ee9ng v\u1edbi t\u00e1c \u0111\u1ed9ng c\u1ee7a l\u1ea1m ph\u00e1t.<\/li><li><strong>B\u1ea3o v\u1ec7 s\u1ee9c mua:<\/strong> X\u00e2y d\u1ef1ng \u0111i\u1ec3m t\u00edn d\u1ee5ng t\u1ed1t l\u00e0 ch\u00eca kh\u00f3a gi\u1eef s\u1ee9c mua c\u1ee7a b\u1ea1n. L\u1eadp k\u1ebf ho\u1ea1ch \u0111\u1ec3 c\u1ea3i thi\u1ec7n \u0111i\u1ec3m t\u00edn d\u1ee5ng c\u1ee7a b\u1ea1n v\u00e0 qu\u1ea3n l\u00fd n\u1ee3 m\u1ed9t c\u00e1ch hi\u1ec7u qu\u1ea3.<\/li><\/ul><p>\u0110\u1eebng \u0111\u1ec3 nh\u1eefng kh\u00f3 kh\u0103n v\u1ec1 t\u00e0i ch\u00ednh ng\u0103n b\u1ea1n \u0111\u1ea1t \u0111\u01b0\u1ee3c m\u1ee5c ti\u00eau c\u1ee7a m\u00ecnh. B\u00e1o c\u00e1o Money Moves c\u1ee7a Heykyra cung c\u1ea5p cho b\u1ea1n c\u00f4ng c\u1ee5 m\u1ea1nh m\u1ebd \u0111\u1ec3 \u0111\u01b0a ra nh\u1eefng quy\u1ebft \u0111\u1ecbnh t\u00e0i ch\u00ednh t\u1ef1 tin v\u00e0 ti\u1ebfp qu\u1ea3n t\u01b0\u01a1ng lai t\u00e0i ch\u00ednh c\u1ee7a b\u1ea1n. H\u00e3y \u0111\u00f3n nh\u1eadn s\u1ef1 \u0111\u01a1n gi\u1ea3n v\u00e0 hi\u1ec7u qu\u1ea3 t\u1eeb Heykyra, v\u00e0 b\u1eaft \u0111\u1ea7u h\u00e0nh tr\u00ecnh t\u00e0i ch\u00ednh th\u00e0nh c\u00f4ng c\u1ee7a b\u1ea1n ngay h\u00f4m nay.<\/p>\t\t\t\t\t\t\t\t<\/div>\n\t\t\t\t<\/div>\n\t\t\t\t\t<\/div>\n\t\t\t\t<\/div>\n\t\t<div class=\"elementor-element elementor-element-5f8f5b6d e-flex e-con-boxed wpr-particle-no wpr-jarallax-no wpr-parallax-no wpr-sticky-section-no e-con e-parent\" data-id=\"5f8f5b6d\" data-element_type=\"container\">\n\t\t\t\t\t<div class=\"e-con-inner\">\n\t\t\t\t<div class=\"elementor-element elementor-element-7402b059 elementor-align-center elementor-widget elementor-widget-button\" data-id=\"7402b059\" data-element_type=\"widget\" data-widget_type=\"button.default\">\n\t\t\t\t<div class=\"elementor-widget-container\">\n\t\t\t\t\t\t\t\t\t<div class=\"elementor-button-wrapper\">\n\t\t\t\t\t<a class=\"elementor-button elementor-button-link elementor-size-lg\" href=\"https:\/\/beincharge.io\/heykyra?r=LIJHTSNS\" target=\"_blank\">\n\t\t\t\t\t\t<span class=\"elementor-button-content-wrapper\">\n\t\t\t\t\t\t\t\t\t<span class=\"elementor-button-text\">Nh\u1eadn b\u00e1o c\u00e1o t\u00e0i ch\u00ednh mi\u1ec5n ph\u00ed<\/span>\n\t\t\t\t\t<\/span>\n\t\t\t\t\t<\/a>\n\t\t\t\t<\/div>\n\t\t\t\t\t\t\t\t<\/div>\n\t\t\t\t<\/div>\n\t\t\t\t\t<\/div>\n\t\t\t\t<\/div>\n\t\t\t\t<\/div>\n\t\t","protected":false},"excerpt":{"rendered":"<p>C\u00f4ng c\u1ee5 ph\u00e2n t\u00edch t\u00e0i ch\u00ednh https:\/\/s3.amazonaws.com\/appforest_uf\/f1674505891730x536869988781421000\/Market%20Survey%20-%20Video%20Template.mp4 Heykyra &#8211; C\u00f4ng c\u1ee5 \u0111\u00e1nh gi\u00e1 th\u00f4ng tin t\u00e0i ch\u00ednh c\u00e1 nh\u00e2n nhanh ch\u00f3ng v\u00e0 ti\u1ec7n l\u1ee3i B\u1ea1n mu\u1ed1n c\u00f3 t\u1ef1 tin \u0111\u1ec3 \u0111\u01b0a ra nh\u1eefng quy\u1ebft \u0111\u1ecbnh t\u00e0i ch\u00ednh nhanh ch\u00f3ng h\u01a1n v\u00e0 \u0111\u00fang \u0111\u1eafn h\u01a1n? \u0110\u1eebng lo! Ch\u00fang t\u00f4i c\u00f3 gi\u1ea3i ph\u00e1p \u0111\u01a1n gi\u1ea3n v\u00e0 hi\u1ec7u qu\u1ea3 d\u00e0nh cho b\u1ea1n! B\u1ea3o hi\u1ec3m Canada 101 hi\u1ec7n \u0111ang h\u1ee3p t\u00e1c v\u1edbi c\u00f4ng ty In Charge \u0111\u1ec3 ph\u00e1t tri\u1ec3n c\u00f4ng c\u1ee5 Heykyra v\u1edbi phi\u00ean b\u1ea3n d\u00e0nh cho ng\u01b0\u1eddi Vi\u1ec7t. Heykyra s\u1ebd l\u00e0 ng\u01b0\u1eddi b\u1ea1n \u0111\u1ed3ng h\u00e0nh tin c\u1eady gi\u00fap b\u1ea1n c\u00f3 c\u00e1i nh\u00ecn r\u00f5 r\u00e0ng h\u01a1n v\u1ec1 t\u00e0i ch\u00ednh c\u00e1 nh\u00e2n qua B\u00e1o c\u00e1o T\u00f3m t\u1eaft T\u00e0i ch\u00ednh MI\u1ec4N PH\u00cd. V\u1edbi Heykyra, b\u1ea1n s\u1ebd hi\u1ec3u r\u00f5 h\u01a1n v\u1ec1 t\u00ecnh h\u00ecnh t\u00e0i ch\u00ednh c\u1ee7a m\u00ecnh ch\u1ec9 trong v\u00e0i ph\u00fat. H\u00e3y c\u00f9ng kh\u00e1m ph\u00e1 c\u00e1ch B\u00e1o c\u00e1o t\u00e0i ch\u00ednh Money Moves c\u1ee7a Heykyra c\u00f3 th\u1ec3 thay \u0111\u1ed5i cu\u1ed9c h\u00e0nh tr\u00ecnh t\u00e0i ch\u00ednh c\u1ee7a b\u1ea1n. NH\u1eacN B\u00c1O C\u00c1O T\u00c0I CH\u00cdNH C\u00c1 NH\u00c2N MI\u1ec4N PH\u00cd T\u1ea0I \u0110\u00c2Y! 5 Th\u00e0nh Ph\u1ea7n Ch\u00ednh c\u1ee7a T\u00e0i Ch\u00ednh C\u00e1 Nh\u00e2n Heykyra tin r\u1eb1ng vi\u1ec7c hi\u1ec3u r\u00f5 t\u00ecnh h\u00ecnh t\u00e0i ch\u00ednh c\u00e1 nh\u00e2n c\u1ee7a b\u1ea1n n\u00ean \u0111\u01a1n gi\u1ea3n v\u00e0 d\u1ec5 ti\u1ebfp c\u1eadn h\u01a1n. \u0110\u00f3 l\u00e0 l\u00fd do t\u1ea1i sao ch\u00fang t\u00f4i \u0111\u00e3 t\u00f3m g\u1ecdn th\u1ebf gi\u1edbi t\u00e0i ch\u00ednh c\u00e1 nh\u00e2n ph\u1ee9c t\u1ea1p v\u00e0o n\u0103m th\u00e0nh ph\u1ea7n ch\u00ednh: N\u1ee3, Nh\u00e0 \u1edf, T\u00ednh Linh Ho\u1ea1t T\u00e0i Ch\u00ednh, \u0110\u1ea7u T\u01b0 v\u00e0 \u0110\u00e1nh Gi\u00e1 T\u00edn D\u1ee5ng. V\u1edbi nh\u1eefng th\u00e0nh ph\u1ea7n n\u00e0y l\u00e0m n\u1ec1n t\u1ea3ng, B\u00e1o c\u00e1o Money Moves c\u1ee7a Heykyra s\u1ebd h\u01b0\u1edbng d\u1eabn b\u1ea1n \u0111i t\u1edbi nh\u1eefng quy\u1ebft \u0111\u1ecbnh t\u00e0i ch\u00ednh t\u1ef1 tin ph\u00f9 h\u1ee3p v\u1edbi t\u00ecnh h\u00ecnh t\u00e0i ch\u00ednh c\u1ee7a b\u1ea1n. \u2705 B\u01b0\u1edbc 1: T\u00f3m T\u1eaft Nhanh Ch\u00f3ng \u0110\u1ec3 hi\u1ec3u r\u00f5 h\u01a1n v\u1ec1 t\u00e0i ch\u00ednh, b\u1ea1n kh\u00f4ng c\u1ea7n ph\u1ea3i t\u1ed1n qu\u00e1 nhi\u1ec1u th\u1eddi gian. B\u00e1o c\u00e1o Money Moves c\u1ee7a Heykyra cho ph\u00e9p b\u1ea1n xem x\u00e9t l\u1ea1i t\u00ecnh h\u00ecnh t\u00e0i ch\u00ednh c\u1ee7a m\u00ecnh ch\u1ec9 trong 3-5 ph\u00fat. Trong kho\u1ea3ng th\u1eddi gian ng\u1eafn n\u00e0y, b\u1ea1n c\u00f3 th\u1ec3 nh\u00ecn t\u1ed5ng quan v\u1ec1 t\u00ecnh h\u00ecnh t\u00e0i ch\u00ednh, gi\u00fap b\u1ea1n \u0111\u01b0a ra nh\u1eefng quy\u1ebft \u0111\u1ecbnh th\u00f4ng th\u00e1i v\u00e0 \u0111\u1ea1t \u0111\u01b0\u1ee3c m\u1ee5c ti\u00eau nhanh h\u01a1n. \u2705 B\u01b0\u1edbc 2: Th\u00f4ng Tin D\u1ec5 Hi\u1ec3u Heykyra t\u1ef1 h\u00e0o v\u1ec1 kh\u1ea3 n\u0103ng tr\u00ecnh b\u00e0y c\u00e1c th\u00f4ng tin t\u00e0i ch\u00ednh m\u1ed9t c\u00e1ch d\u1ec5 hi\u1ec3u. Khi ho\u00e0n th\u00e0nh B\u00e1o c\u00e1o Money Moves, b\u1ea1n s\u1ebd nh\u1eadn \u0111\u01b0\u1ee3c m\u1ed9t t\u1ec7p PDF t\u1ea3i v\u1ec1 ngay l\u1eadp t\u1ee9c qua email ho\u1eb7c xem an to\u00e0n tr\u00ean tr\u00ecnh duy\u1ec7t c\u1ee7a m\u00ecnh, gi\u00fap b\u1ea1n d\u1ec5 d\u00e0ng hi\u1ec3u r\u00f5 th\u00f4ng tin. \u2705 B\u01b0\u1edbc 3: H\u00e0nh \u0110\u1ed9ng T\u1ef1 Tin C\u00f3 B\u00e1o c\u00e1o Money Moves c\u00e1 nh\u00e2n, b\u1ea1n c\u00f3 th\u1ec3 \u01b0u ti\u00ean c\u00e1c m\u1ee5c ti\u00eau t\u00e0i ch\u00ednh c\u1ee7a m\u00ecnh. T\u1eadp trung v\u00e0o ba m\u1ee5c ti\u00eau h\u00e0ng \u0111\u1ea7u v\u00e0 t\u00ecm s\u1ef1 h\u1ed7 tr\u1ee3 t\u1eeb chuy\u00ean gia t\u00e0i ch\u00ednh \u0111\u1ec3 nhanh ch\u00f3ng \u0111\u1ea1t \u0111\u01b0\u1ee3c m\u1ee5c ti\u00eau c\u1ee7a b\u1ea1n. Heykyra khuy\u1ebfn kh\u00edch b\u1ea1n h\u00e0nh \u0111\u1ed9ng t\u1eebng b\u01b0\u1edbc nh\u1ecf \u0111\u1ec3 t\u1ef1 \u0111\u1ed9ng h\u00f3a c\u00e1c kh\u00eda c\u1ea1nh t\u00e0i ch\u00ednh, gi\u1ea3m b\u1edbt c\u0103ng th\u1eb3ng v\u00e0 gi\u00fap b\u1ea1n duy tr\u00ec qu\u1ef9 th\u1eddi gian. B\u1ea3o V\u1ec7 T\u01b0\u01a1ng Lai T\u00e0i Ch\u00ednh Don&#8217;t let financial complexities hold you back from achieving your goals. Heykyra&#8217;s Money Moves Report provides you with a powerful tool to make confident financial decisions and take charge of your financial future. Embrace the simplicity and effectiveness of Heykyra&#8217;s approach, and start your journey towards financial well-being today. Get your FREE financial snapshot now and let Heykyra be your partner in financial success! Heykyra kh\u00f4ng ch\u1ec9 cung c\u1ea5p th\u00f4ng tin &#8211; ch\u00fang t\u00f4i c\u00f2n gi\u00fap b\u1ea1n b\u1ea3o v\u1ec7 t\u01b0\u01a1ng lai t\u00e0i ch\u00ednh. D\u01b0\u1edbi \u0111\u00e2y l\u00e0 ba kh\u00eda c\u1ea1nh quan tr\u1ecdng \u0111\u1ec3 b\u1ea3o v\u1ec7 t\u00e0i ch\u00ednh c\u1ee7a b\u1ea1n: B\u1ea3o v\u1ec7 thu nh\u1eadp v\u00e0 gia \u0111\u00ecnh: X\u00e2y d\u1ef1ng s\u1ef1 linh ho\u1ea1t t\u00e0i ch\u00ednh v\u1edbi qu\u1ef9 d\u1ef1 tr\u1eef kh\u1ea9n c\u1ea5p 3 th\u00e1ng v\u00e0 \u0111\u1ea3m b\u1ea3o b\u1ea3o hi\u1ec3m ph\u00f9 h\u1ee3p cho thu nh\u1eadp, s\u1ee9c kh\u1ecfe, gia \u0111\u00ecnh v\u00e0 cu\u1ed9c s\u1ed1ng c\u1ee7a b\u1ea1n. B\u1ea3o v\u1ec7 ti\u1ec1n c\u1ee7a b\u1ea1n kh\u1ecfi l\u1ea1m ph\u00e1t: T\u01b0 v\u1ea5n t\u1eeb chuy\u00ean gia gi\u00fap b\u1ea1n \u0111\u1ea7u t\u01b0 an to\u00e0n v\u00e0 \u0111\u1ea3m b\u1ea3o ti\u1ec1n c\u1ee7a b\u1ea1n ti\u1ebfp t\u1ee5c \u0111\u00e1p \u1ee9ng v\u1edbi t\u00e1c \u0111\u1ed9ng c\u1ee7a l\u1ea1m ph\u00e1t. B\u1ea3o v\u1ec7 s\u1ee9c mua: X\u00e2y d\u1ef1ng \u0111i\u1ec3m t\u00edn d\u1ee5ng t\u1ed1t l\u00e0 ch\u00eca kh\u00f3a gi\u1eef s\u1ee9c mua c\u1ee7a b\u1ea1n. L\u1eadp k\u1ebf ho\u1ea1ch \u0111\u1ec3 c\u1ea3i thi\u1ec7n \u0111i\u1ec3m t\u00edn d\u1ee5ng c\u1ee7a b\u1ea1n v\u00e0 qu\u1ea3n l\u00fd n\u1ee3 m\u1ed9t c\u00e1ch hi\u1ec7u qu\u1ea3. \u0110\u1eebng \u0111\u1ec3 nh\u1eefng kh\u00f3 kh\u0103n v\u1ec1 t\u00e0i ch\u00ednh ng\u0103n b\u1ea1n \u0111\u1ea1t \u0111\u01b0\u1ee3c m\u1ee5c ti\u00eau c\u1ee7a m\u00ecnh. B\u00e1o c\u00e1o Money Moves c\u1ee7a Heykyra cung c\u1ea5p cho b\u1ea1n c\u00f4ng c\u1ee5 m\u1ea1nh m\u1ebd \u0111\u1ec3 \u0111\u01b0a ra nh\u1eefng quy\u1ebft \u0111\u1ecbnh t\u00e0i ch\u00ednh t\u1ef1 tin v\u00e0 ti\u1ebfp qu\u1ea3n t\u01b0\u01a1ng lai t\u00e0i ch\u00ednh c\u1ee7a b\u1ea1n. H\u00e3y \u0111\u00f3n nh\u1eadn s\u1ef1 \u0111\u01a1n gi\u1ea3n v\u00e0 hi\u1ec7u qu\u1ea3 t\u1eeb Heykyra, v\u00e0 b\u1eaft \u0111\u1ea7u h\u00e0nh tr\u00ecnh t\u00e0i ch\u00ednh th\u00e0nh c\u00f4ng c\u1ee7a b\u1ea1n ngay h\u00f4m nay. Nh\u1eadn b\u00e1o c\u00e1o t\u00e0i ch\u00ednh mi\u1ec5n ph\u00ed<\/p>\n","protected":false},"author":2,"featured_media":0,"parent":0,"menu_order":0,"comment_status":"closed","ping_status":"closed","template":"","meta":{"_eb_attr":"","footnotes":""},"class_list":["post-2229","page","type-page","status-publish","hentry"],"_links":{"self":[{"href":"https:\/\/101insurance.ca\/vi\/wp-json\/wp\/v2\/pages\/2229","targetHints":{"allow":["GET"]}}],"collection":[{"href":"https:\/\/101insurance.ca\/vi\/wp-json\/wp\/v2\/pages"}],"about":[{"href":"https:\/\/101insurance.ca\/vi\/wp-json\/wp\/v2\/types\/page"}],"author":[{"embeddable":true,"href":"https:\/\/101insurance.ca\/vi\/wp-json\/wp\/v2\/users\/2"}],"replies":[{"embeddable":true,"href":"https:\/\/101insurance.ca\/vi\/wp-json\/wp\/v2\/comments?post=2229"}],"version-history":[{"count":0,"href":"https:\/\/101insurance.ca\/vi\/wp-json\/wp\/v2\/pages\/2229\/revisions"}],"wp:attachment":[{"href":"https:\/\/101insurance.ca\/vi\/wp-json\/wp\/v2\/media?parent=2229"}],"curies":[{"name":"wp","href":"https:\/\/api.w.org\/{rel}","templated":true}]}}