{"id":2185,"date":"2023-07-17T15:21:15","date_gmt":"2023-07-17T10:21:15","guid":{"rendered":"https:\/\/101insurance.ca\/san-pham\/"},"modified":"2023-09-15T20:57:42","modified_gmt":"2023-09-15T15:57:42","slug":"san-pham","status":"publish","type":"page","link":"https:\/\/101insurance.ca\/vi\/san-pham\/","title":{"rendered":"S\u1ea3n ph\u1ea9m"},"content":{"rendered":"\t\t<div data-elementor-type=\"wp-page\" data-elementor-id=\"2185\" class=\"elementor elementor-2185 elementor-465\" data-elementor-post-type=\"page\">\n\t\t\t\t<div class=\"elementor-element elementor-element-7ecd946 e-flex e-con-boxed wpr-particle-no wpr-jarallax-no wpr-parallax-no wpr-sticky-section-no e-con e-parent\" data-id=\"7ecd946\" data-element_type=\"container\" data-settings=\"{&quot;background_background&quot;:&quot;classic&quot;}\">\n\t\t\t\t\t<div class=\"e-con-inner\">\n\t\t<div class=\"elementor-element elementor-element-b6c8d0b e-con-full e-flex wpr-particle-no wpr-jarallax-no wpr-parallax-no wpr-sticky-section-no e-con e-parent\" data-id=\"b6c8d0b\" data-element_type=\"container\">\n\t\t\t\t<div class=\"elementor-element elementor-element-0e15cd8 elementor-widget__width-initial elementor-widget elementor-widget-heading\" data-id=\"0e15cd8\" data-element_type=\"widget\" data-widget_type=\"heading.default\">\n\t\t\t\t<div class=\"elementor-widget-container\">\n\t\t\t\t\t<h2 class=\"elementor-heading-title elementor-size-default\">B\u1ea3o v\u1ec7 t\u01b0\u01a1ng lai, \nB\u1ea3o v\u1ec7 nh\u1eefng ng\u01b0\u1eddi th\u00e2n y\u00eau c\u1ee7a b\u1ea1n<\/h2>\t\t\t\t<\/div>\n\t\t\t\t<\/div>\n\t\t\t\t<div class=\"elementor-element elementor-element-3ac7730 elementor-widget__width-initial elementor-widget elementor-widget-text-editor\" data-id=\"3ac7730\" data-element_type=\"widget\" data-widget_type=\"text-editor.default\">\n\t\t\t\t<div class=\"elementor-widget-container\">\n\t\t\t\t\t\t\t\t\t<p>T\u1ea1i B\u1ea3o hi\u1ec3m 101, ch\u00fang t\u00f4i kh\u00f4ng ch\u1ec9 cung c\u1ea5p c\u00e1c s\u1ea3n ph\u1ea9m b\u1ea3o hi\u1ec3m m\u00e0 c\u00f2n gi\u00fap b\u1ea1n l\u1eadp k\u1ebf ho\u1ea1ch b\u1ea3o v\u1ec7 t\u00e0i ch\u00ednh cho nh\u1eefng ng\u01b0\u1eddi th\u00e2n y\u00eau nh\u1ea5t c\u1ee7a b\u1ea1n.<\/p>\n\t\t\t\t\t\t\t\t<\/div>\n\t\t\t\t<\/div>\n\t\t<div class=\"elementor-element elementor-element-189f2e5 e-flex e-con-boxed wpr-particle-no wpr-jarallax-no wpr-parallax-no wpr-sticky-section-no e-con e-parent\" data-id=\"189f2e5\" data-element_type=\"container\">\n\t\t\t\t\t<div class=\"e-con-inner\">\n\t\t\t\t<div class=\"elementor-element elementor-element-5df2ccf elementor-widget elementor-widget-heading\" data-id=\"5df2ccf\" data-element_type=\"widget\" data-widget_type=\"heading.default\">\n\t\t\t\t<div class=\"elementor-widget-container\">\n\t\t\t\t\t<h2 class=\"elementor-heading-title elementor-size-default\">Ch\u1ecdn s\u1ea3n ph\u1ea9m b\u1ea1n c\u1ea7n<\/h2>\t\t\t\t<\/div>\n\t\t\t\t<\/div>\n\t\t<div class=\"elementor-element elementor-element-5cae123 e-flex e-con-boxed wpr-particle-no wpr-jarallax-no wpr-parallax-no wpr-sticky-section-no e-con e-parent\" data-id=\"5cae123\" data-element_type=\"container\">\n\t\t\t\t\t<div class=\"e-con-inner\">\n\t\t\t\t<div class=\"elementor-element elementor-element-f47b93e elementor-widget__width-initial elementor-view-default elementor-position-top elementor-mobile-position-top elementor-widget elementor-widget-icon-box\" data-id=\"f47b93e\" data-element_type=\"widget\" data-widget_type=\"icon-box.default\">\n\t\t\t\t<div class=\"elementor-widget-container\">\n\t\t\t\t\t\t\t<div class=\"elementor-icon-box-wrapper\">\n\n\t\t\t\t\t\t<div class=\"elementor-icon-box-icon\">\n\t\t\t\t<a href=\"https:\/\/101insurance.ca\/products\/travel-insurance\/\" class=\"elementor-icon\" tabindex=\"-1\" aria-label=\"B\u1ea3o hi\u1ec3m du l\u1ecbch\">\n\t\t\t\t<svg xmlns=\"http:\/\/www.w3.org\/2000\/svg\" xmlns:xlink=\"http:\/\/www.w3.org\/1999\/xlink\" id=\"Layer_1\" x=\"0px\" y=\"0px\" viewBox=\"0 0 63 72\" style=\"enable-background:new 0 0 63 72;\" xml:space=\"preserve\"><style type=\"text\/css\">\t.st0{fill:#6088BB;}\t.st1{fill-rule:evenodd;clip-rule:evenodd;fill:#12CC94;}<\/style><path class=\"st0\" d=\"M56.2,9h-6.8V2.2c0-1.2-1-2.2-2.2-2.2h-4.5c-1.2,0-2.2,1-2.2,2.2V9h-18V2.2c0-1.2-1-2.2-2.2-2.2h-4.5 c-1.2,0-2.2,1-2.2,2.2V9H6.8C3,9,0,12,0,15.8v6.8h63v-6.8C63,12,60,9,56.2,9z\"><\/path><path class=\"st1\" d=\"M0,65.2C0,69,3,72,6.8,72h49.5c3.7,0,6.8-3,6.8-6.8V27H0V65.2z M10.7,36C9.8,36,9,36.8,9,37.7v5.6 c0,0.9,0.8,1.7,1.7,1.7h5.6c0.9,0,1.7-0.8,1.7-1.7v-5.6c0-0.9-0.8-1.7-1.7-1.7H10.7z M28.7,36c-0.9,0-1.7,0.8-1.7,1.7v5.6 c0,0.9,0.8,1.7,1.7,1.7h5.6c0.9,0,1.7-0.8,1.7-1.7v-5.6c0-0.9-0.8-1.7-1.7-1.7H28.7z M45,37.7c0-0.9,0.8-1.7,1.7-1.7h5.6 c0.9,0,1.7,0.8,1.7,1.7v5.6c0,0.9-0.8,1.7-1.7,1.7h-5.6c-0.9,0-1.7-0.8-1.7-1.7V37.7z M45,55.7c0-0.9,0.8-1.7,1.7-1.7h5.6 c0.9,0,1.7,0.8,1.7,1.7v5.6c0,0.9-0.8,1.7-1.7,1.7h-5.6c-0.9,0-1.7-0.8-1.7-1.7V55.7z M27,55.7c0-0.9,0.8-1.7,1.7-1.7h5.6 c0.9,0,1.7,0.8,1.7,1.7v5.6c0,0.9-0.8,1.7-1.7,1.7h-5.6c-0.9,0-1.7-0.8-1.7-1.7V55.7z M9,55.7c0-0.9,0.8-1.7,1.7-1.7h5.6 c0.9,0,1.7,0.8,1.7,1.7v5.6c0,0.9-0.8,1.7-1.7,1.7h-5.6C9.8,63,9,62.2,9,61.3V55.7z\"><\/path><\/svg>\t\t\t\t<\/a>\n\t\t\t<\/div>\n\t\t\t\n\t\t\t\t\t\t<div class=\"elementor-icon-box-content\">\n\n\t\t\t\t\t\t\t\t\t<h3 class=\"elementor-icon-box-title\">\n\t\t\t\t\t\t<a href=\"https:\/\/101insurance.ca\/products\/travel-insurance\/\" >\n\t\t\t\t\t\t\tB\u1ea3o hi\u1ec3m du l\u1ecbch\t\t\t\t\t\t<\/a>\n\t\t\t\t\t<\/h3>\n\t\t\t\t\n\t\t\t\t\n\t\t\t<\/div>\n\t\t\t\n\t\t<\/div>\n\t\t\t\t\t\t<\/div>\n\t\t\t\t<\/div>\n\t\t\t\t<div class=\"elementor-element elementor-element-43cadbd elementor-widget__width-initial elementor-view-default elementor-position-top elementor-mobile-position-top elementor-widget elementor-widget-icon-box\" data-id=\"43cadbd\" data-element_type=\"widget\" data-widget_type=\"icon-box.default\">\n\t\t\t\t<div class=\"elementor-widget-container\">\n\t\t\t\t\t\t\t<div class=\"elementor-icon-box-wrapper\">\n\n\t\t\t\t\t\t<div class=\"elementor-icon-box-icon\">\n\t\t\t\t<a href=\"https:\/\/101insurance.ca\/products\/term-life-insurance\/\" class=\"elementor-icon\" tabindex=\"-1\" aria-label=\"B\u1ea3o hi\u1ec3m nh\u00e2n th\u1ecd c\u00f3 th\u1eddi h\u1ea1n\">\n\t\t\t\t<svg xmlns=\"http:\/\/www.w3.org\/2000\/svg\" xmlns:xlink=\"http:\/\/www.w3.org\/1999\/xlink\" id=\"Layer_1\" x=\"0px\" y=\"0px\" viewBox=\"0 0 72 72\" style=\"enable-background:new 0 0 72 72;\" xml:space=\"preserve\"><style type=\"text\/css\">\t.st0{clip-path:url(#SVGID_00000000943930853223399300000000226114383047506353_);}\t.st1{fill:#12CC94;}\t.st2{fill:#6088BB;}\t.st3{fill:#FFFFFF;}<\/style><g>\t<defs>\t\t<rect id=\"SVGID_1_\" width=\"72\" height=\"72\"><\/rect>\t<\/defs>\t<clipPath id=\"SVGID_00000062172271021853360140000017869165144782909343_\">\t\t<use xlink:href=\"#SVGID_1_\" style=\"overflow:visible;\"><\/use>\t<\/clipPath>\t<g style=\"clip-path:url(#SVGID_00000062172271021853360140000017869165144782909343_);\">\t\t<path class=\"st1\" d=\"M9,13.5H0C0,30.9,14.1,45,31.5,45v20.2c0,1.2,1,2.2,2.2,2.2h4.5c1.2,0,2.2-1,2.2-2.2V45   C40.5,27.6,26.4,13.5,9,13.5z\"><\/path>\t\t<path class=\"st2\" d=\"M35.5,20.7C40.9,11,51.2,4.5,63,4.5h9c0,16.3-12.4,29.7-28.2,31.3C42.3,30.1,39.4,24.9,35.5,20.7z\"><\/path>\t<\/g><\/g><path class=\"st3\" d=\"M15.4,11.9\"><\/path><path class=\"st1\" d=\"M51,15.2\"><\/path><\/svg>\t\t\t\t<\/a>\n\t\t\t<\/div>\n\t\t\t\n\t\t\t\t\t\t<div class=\"elementor-icon-box-content\">\n\n\t\t\t\t\t\t\t\t\t<h3 class=\"elementor-icon-box-title\">\n\t\t\t\t\t\t<a href=\"https:\/\/101insurance.ca\/products\/term-life-insurance\/\" >\n\t\t\t\t\t\t\tB\u1ea3o hi\u1ec3m nh\u00e2n th\u1ecd c\u00f3 th\u1eddi h\u1ea1n\t\t\t\t\t\t<\/a>\n\t\t\t\t\t<\/h3>\n\t\t\t\t\n\t\t\t\t\n\t\t\t<\/div>\n\t\t\t\n\t\t<\/div>\n\t\t\t\t\t\t<\/div>\n\t\t\t\t<\/div>\n\t\t\t\t<div class=\"elementor-element elementor-element-9243b64 elementor-widget__width-initial elementor-view-default elementor-position-top elementor-mobile-position-top elementor-widget elementor-widget-icon-box\" data-id=\"9243b64\" data-element_type=\"widget\" data-widget_type=\"icon-box.default\">\n\t\t\t\t<div class=\"elementor-widget-container\">\n\t\t\t\t\t\t\t<div class=\"elementor-icon-box-wrapper\">\n\n\t\t\t\t\t\t<div class=\"elementor-icon-box-icon\">\n\t\t\t\t<a href=\"https:\/\/101insurance.ca\/products\/permanent-life-insurance\/\" class=\"elementor-icon\" tabindex=\"-1\" aria-label=\"B\u1ea3o hi\u1ec3m nh\u00e2n th\u1ecd v\u0129nh vi\u1ec5n\">\n\t\t\t\t<svg xmlns=\"http:\/\/www.w3.org\/2000\/svg\" xmlns:xlink=\"http:\/\/www.w3.org\/1999\/xlink\" id=\"Layer_1\" x=\"0px\" y=\"0px\" viewBox=\"0 0 72 72\" style=\"enable-background:new 0 0 72 72;\" xml:space=\"preserve\"><style type=\"text\/css\">\t.st0{clip-path:url(#SVGID_00000123441717574927160460000014403422553343471798_);}\t.st1{fill:#6088BB;}\t.st2{fill:#12CC94;}<\/style><g>\t<defs>\t\t<rect id=\"SVGID_1_\" width=\"72\" height=\"72\"><\/rect>\t<\/defs>\t<clipPath id=\"SVGID_00000070837950051334976870000011016245724905329049_\">\t\t<use xlink:href=\"#SVGID_1_\" style=\"overflow:visible;\"><\/use>\t<\/clipPath>\t<g style=\"clip-path:url(#SVGID_00000070837950051334976870000011016245724905329049_);\">\t\t<path class=\"st1\" d=\"M66.6,10.4L66.3,10C59,2.6,47.2,2.6,39.9,10l-3.9,4l-3.9-4c-7.2-7.4-19.1-7.4-26.4,0l-0.3,0.3   c-6.8,7-7.1,18.2-1,25.6h14.4l5-12.1c0.8-1.8,3.3-1.9,4.1-0.1L36.1,42L43,28.2c0.8-1.7,3.2-1.7,4,0l3.9,7.8h16.7   C73.8,28.5,73.5,17.4,66.6,10.4z\"><\/path>\t\t<path class=\"st2\" d=\"M38,48.3l7-14l3.1,6.2h15.3L37.8,66.7c-1,1-2.6,1-3.6,0L8.5,40.5h13.2L26,30.4l8,17.8   C34.7,49.9,37.2,50,38,48.3z\"><\/path>\t<\/g><\/g><\/svg>\t\t\t\t<\/a>\n\t\t\t<\/div>\n\t\t\t\n\t\t\t\t\t\t<div class=\"elementor-icon-box-content\">\n\n\t\t\t\t\t\t\t\t\t<h3 class=\"elementor-icon-box-title\">\n\t\t\t\t\t\t<a href=\"https:\/\/101insurance.ca\/products\/permanent-life-insurance\/\" >\n\t\t\t\t\t\t\tB\u1ea3o hi\u1ec3m nh\u00e2n th\u1ecd v\u0129nh vi\u1ec5n\t\t\t\t\t\t<\/a>\n\t\t\t\t\t<\/h3>\n\t\t\t\t\n\t\t\t\t\n\t\t\t<\/div>\n\t\t\t\n\t\t<\/div>\n\t\t\t\t\t\t<\/div>\n\t\t\t\t<\/div>\n\t\t\t\t<div class=\"elementor-element elementor-element-4105872 elementor-widget__width-initial elementor-view-default elementor-position-top elementor-mobile-position-top elementor-widget elementor-widget-icon-box\" data-id=\"4105872\" data-element_type=\"widget\" data-widget_type=\"icon-box.default\">\n\t\t\t\t<div class=\"elementor-widget-container\">\n\t\t\t\t\t\t\t<div class=\"elementor-icon-box-wrapper\">\n\n\t\t\t\t\t\t<div class=\"elementor-icon-box-icon\">\n\t\t\t\t<a href=\"https:\/\/101insurance.ca\/products\/critical-illness-insurance\/\" class=\"elementor-icon\" tabindex=\"-1\" aria-label=\"B\u1ea3o hi\u1ec3m b\u1ec7nh hi\u1ec3m ngh\u00e8o\">\n\t\t\t\t<svg xmlns=\"http:\/\/www.w3.org\/2000\/svg\" xmlns:xlink=\"http:\/\/www.w3.org\/1999\/xlink\" id=\"Layer_1\" x=\"0px\" y=\"0px\" viewBox=\"0 0 72 64\" style=\"enable-background:new 0 0 72 64;\" xml:space=\"preserve\"><style type=\"text\/css\">\t.st0{clip-path:url(#SVGID_00000018212209972791142060000013047831379189373882_);}\t.st1{fill:#12CC94;}\t.st2{fill:#6088BB;}<\/style><g>\t<defs>\t\t<rect id=\"SVGID_1_\" width=\"72\" height=\"64\"><\/rect>\t<\/defs>\t<clipPath id=\"SVGID_00000123409464773167856040000013259437328850388109_\">\t\t<use xlink:href=\"#SVGID_1_\" style=\"overflow:visible;\"><\/use>\t<\/clipPath>\t<g style=\"clip-path:url(#SVGID_00000123409464773167856040000013259437328850388109_);\">\t\t<path class=\"st1\" d=\"M70.7,41c-1.5-1.3-3.8-1.2-5.3,0l-11.6,9.2c-1.4,1.1-3.2,1.8-5,1.8H34c-1.1,0-2-0.9-2-2s0.9-2,2-2h9.8   c2,0,3.8-1.4,4.2-3.3c0.4-2.5-1.5-4.7-4-4.7H24c-3.4,0-6.6,1.2-9.3,3.3L8.9,48H2c-1.1,0-2,0.9-2,2v12c0,1.1,0.9,2,2,2h44.6   c1.8,0,3.6-0.6,5-1.8l18.9-15.1C72.4,45.6,72.6,42.7,70.7,41z\"><\/path>\t\t<path class=\"st2\" d=\"M37.6,31.3c-0.9,0.9-2.3,0.9-3.2,0L20.8,17c-3.9-4.1-3.7-11,0.7-14.9c3.9-3.3,9.6-2.7,13.1,1L36,4.6l1.4-1.5   c3.5-3.7,9.3-4.3,13.1-1C54.9,6,55.2,12.9,51.2,17L37.6,31.3z\"><\/path>\t<\/g><\/g><\/svg>\t\t\t\t<\/a>\n\t\t\t<\/div>\n\t\t\t\n\t\t\t\t\t\t<div class=\"elementor-icon-box-content\">\n\n\t\t\t\t\t\t\t\t\t<h3 class=\"elementor-icon-box-title\">\n\t\t\t\t\t\t<a href=\"https:\/\/101insurance.ca\/products\/critical-illness-insurance\/\" >\n\t\t\t\t\t\t\tB\u1ea3o hi\u1ec3m b\u1ec7nh hi\u1ec3m ngh\u00e8o\t\t\t\t\t\t<\/a>\n\t\t\t\t\t<\/h3>\n\t\t\t\t\n\t\t\t\t\n\t\t\t<\/div>\n\t\t\t\n\t\t<\/div>\n\t\t\t\t\t\t<\/div>\n\t\t\t\t<\/div>\n\t\t\t\t\t<\/div>\n\t\t\t\t<\/div>\n\t\t\t\t\t<\/div>\n\t\t\t\t<\/div>\n\t\t\t\t<\/div>\n\t\t\t\t\t<\/div>\n\t\t\t\t<\/div>\n\t\t<div class=\"elementor-element elementor-element-1864b6a e-flex e-con-boxed wpr-particle-no wpr-jarallax-no wpr-parallax-no wpr-sticky-section-no e-con e-parent\" data-id=\"1864b6a\" data-element_type=\"container\" data-settings=\"{&quot;background_background&quot;:&quot;classic&quot;}\">\n\t\t\t\t\t<div class=\"e-con-inner\">\n\t\t\t\t<div class=\"elementor-element elementor-element-81b4512 elementor-widget-divider--view-line elementor-widget elementor-widget-divider\" data-id=\"81b4512\" data-element_type=\"widget\" data-widget_type=\"divider.default\">\n\t\t\t\t<div class=\"elementor-widget-container\">\n\t\t\t\t\t\t\t<div class=\"elementor-divider\">\n\t\t\t<span class=\"elementor-divider-separator\">\n\t\t\t\t\t\t<\/span>\n\t\t<\/div>\n\t\t\t\t\t\t<\/div>\n\t\t\t\t<\/div>\n\t\t\t\t<div class=\"elementor-element elementor-element-5910498 elementor-widget__width-initial elementor-widget elementor-widget-heading\" data-id=\"5910498\" data-element_type=\"widget\" data-widget_type=\"heading.default\">\n\t\t\t\t<div class=\"elementor-widget-container\">\n\t\t\t\t\t<h2 class=\"elementor-heading-title elementor-size-default\">B\u1ea1n Kh\u00f4ng Ch\u1eafc Ch\u1eafn Lo\u1ea1i B\u1ea3o Hi\u1ec3m N\u00e0o Ph\u00f9 H\u1ee3p Nh\u1ea5t V\u1edbi Nhu C\u1ea7u C\u1ee7a M\u00ecnh?<\/h2>\t\t\t\t<\/div>\n\t\t\t\t<\/div>\n\t\t<div class=\"elementor-element elementor-element-9de5308 e-flex e-con-boxed wpr-particle-no wpr-jarallax-no wpr-parallax-no wpr-sticky-section-no e-con e-parent\" data-id=\"9de5308\" data-element_type=\"container\">\n\t\t\t\t\t<div class=\"e-con-inner\">\n\t\t<div class=\"elementor-element elementor-element-edf8ce5 e-con-full e-flex wpr-particle-no wpr-jarallax-no wpr-parallax-no wpr-sticky-section-no e-con e-parent\" data-id=\"edf8ce5\" data-element_type=\"container\">\n\t\t\t\t<div class=\"elementor-element elementor-element-f102b50 elementor-widget__width-inherit elementor-widget elementor-widget-image\" data-id=\"f102b50\" data-element_type=\"widget\" data-widget_type=\"image.default\">\n\t\t\t\t<div class=\"elementor-widget-container\">\n\t\t\t\t\t\t\t\t\t\t\t\t\t\t\t<img fetchpriority=\"high\" decoding=\"async\" width=\"768\" height=\"512\" src=\"https:\/\/101insurance.ca\/wp-content\/uploads\/2023\/08\/young-happy-businesswoman-working-desktop-pc-communicating-mobile-phone-office-768x512.jpeg\" class=\"attachment-medium_large size-medium_large wp-image-1524\" alt=\"\" srcset=\"https:\/\/101insurance.ca\/wp-content\/uploads\/2023\/08\/young-happy-businesswoman-working-desktop-pc-communicating-mobile-phone-office-768x512.jpeg 768w, https:\/\/101insurance.ca\/wp-content\/uploads\/2023\/08\/young-happy-businesswoman-working-desktop-pc-communicating-mobile-phone-office-300x200.jpeg 300w, https:\/\/101insurance.ca\/wp-content\/uploads\/2023\/08\/young-happy-businesswoman-working-desktop-pc-communicating-mobile-phone-office-1024x683.jpeg 1024w, https:\/\/101insurance.ca\/wp-content\/uploads\/2023\/08\/young-happy-businesswoman-working-desktop-pc-communicating-mobile-phone-office-1536x1024.jpeg 1536w, https:\/\/101insurance.ca\/wp-content\/uploads\/2023\/08\/young-happy-businesswoman-working-desktop-pc-communicating-mobile-phone-office-2048x1365.jpeg 2048w\" sizes=\"(max-width: 768px) 100vw, 768px\" \/>\t\t\t\t\t\t\t\t\t\t\t\t\t\t\t<\/div>\n\t\t\t\t<\/div>\n\t\t\t\t<\/div>\n\t\t<div class=\"elementor-element elementor-element-9a70410 e-flex e-con-boxed wpr-particle-no wpr-jarallax-no wpr-parallax-no wpr-sticky-section-no e-con e-parent\" data-id=\"9a70410\" data-element_type=\"container\">\n\t\t\t\t\t<div class=\"e-con-inner\">\n\t\t\t\t<div class=\"elementor-element elementor-element-50baaa7 elementor-widget__width-initial elementor-widget elementor-widget-heading\" data-id=\"50baaa7\" data-element_type=\"widget\" data-widget_type=\"heading.default\">\n\t\t\t\t<div class=\"elementor-widget-container\">\n\t\t\t\t\t<h2 class=\"elementor-heading-title elementor-size-default\">\u0110\u1eb7t l\u1ecbch h\u1eb9n v\u1edbi ch\u00fang t\u00f4i.\n<!-- Calendly inline widget begin -->\n<div class=\"calendly-inline-widget\" data-url=\"https:\/\/calendly.com\/101insurance\/30min?hide_event_type_details=1&amp;hide_gdpr_banner=1\" style=\"min-width:160px;height:400px\"><\/div>\n\n<!-- Calendly inline widget end --><\/h2>\t\t\t\t<\/div>\n\t\t\t\t<\/div>\n\t\t\t\t\t<\/div>\n\t\t\t\t<\/div>\n\t\t\t\t\t<\/div>\n\t\t\t\t<\/div>\n\t\t<div class=\"elementor-element elementor-element-b08bb90 e-flex e-con-boxed wpr-particle-no wpr-jarallax-no wpr-parallax-no wpr-sticky-section-no e-con e-parent\" data-id=\"b08bb90\" data-element_type=\"container\">\n\t\t\t\t\t<div class=\"e-con-inner\">\n\t\t<div class=\"elementor-element elementor-element-679ca7a e-con-full e-flex wpr-particle-no wpr-jarallax-no wpr-parallax-no wpr-sticky-section-no e-con e-parent\" data-id=\"679ca7a\" data-element_type=\"container\">\n\t\t\t\t<div class=\"elementor-element elementor-element-550fa30 elementor-widget__width-inherit elementor-widget elementor-widget-image\" data-id=\"550fa30\" data-element_type=\"widget\" data-widget_type=\"image.default\">\n\t\t\t\t<div class=\"elementor-widget-container\">\n\t\t\t\t\t\t\t\t\t\t\t\t\t\t\t<img decoding=\"async\" width=\"768\" height=\"512\" src=\"https:\/\/101insurance.ca\/wp-content\/uploads\/2023\/08\/happy-asian-insurance-agent-communicating-with-her-clients-during-meeting-office-768x512.jpeg\" class=\"attachment-medium_large size-medium_large wp-image-1523\" alt=\"\" srcset=\"https:\/\/101insurance.ca\/wp-content\/uploads\/2023\/08\/happy-asian-insurance-agent-communicating-with-her-clients-during-meeting-office-768x512.jpeg 768w, https:\/\/101insurance.ca\/wp-content\/uploads\/2023\/08\/happy-asian-insurance-agent-communicating-with-her-clients-during-meeting-office-300x200.jpeg 300w, https:\/\/101insurance.ca\/wp-content\/uploads\/2023\/08\/happy-asian-insurance-agent-communicating-with-her-clients-during-meeting-office-1024x683.jpeg 1024w, https:\/\/101insurance.ca\/wp-content\/uploads\/2023\/08\/happy-asian-insurance-agent-communicating-with-her-clients-during-meeting-office-1536x1024.jpeg 1536w, https:\/\/101insurance.ca\/wp-content\/uploads\/2023\/08\/happy-asian-insurance-agent-communicating-with-her-clients-during-meeting-office-2048x1365.jpeg 2048w\" sizes=\"(max-width: 768px) 100vw, 768px\" \/>\t\t\t\t\t\t\t\t\t\t\t\t\t\t\t<\/div>\n\t\t\t\t<\/div>\n\t\t\t\t<\/div>\n\t\t<div class=\"elementor-element elementor-element-307c1a0 e-flex e-con-boxed wpr-particle-no wpr-jarallax-no wpr-parallax-no wpr-sticky-section-no e-con e-parent\" data-id=\"307c1a0\" data-element_type=\"container\">\n\t\t\t\t\t<div class=\"e-con-inner\">\n\t\t\t\t<div class=\"elementor-element elementor-element-7f83743 elementor-widget__width-initial elementor-widget elementor-widget-heading\" data-id=\"7f83743\" data-element_type=\"widget\" data-widget_type=\"heading.default\">\n\t\t\t\t<div class=\"elementor-widget-container\">\n\t\t\t\t\t<h2 class=\"elementor-heading-title elementor-size-default\">H\u00e3y \u0111\u1ec3 ch\u00fang t\u00f4i gi\u00fap b\u1ea1n ki\u1ec3m tra m\u1ee9c ph\u00ed b\u1ea3o hi\u1ec3m.<\/h2>\t\t\t\t<\/div>\n\t\t\t\t<\/div>\n\t\t\t\t<div class=\"elementor-element elementor-element-d560ab3 elementor-align-center elementor-widget elementor-widget-button\" data-id=\"d560ab3\" data-element_type=\"widget\" data-widget_type=\"button.default\">\n\t\t\t\t<div class=\"elementor-widget-container\">\n\t\t\t\t\t\t\t\t\t<div class=\"elementor-button-wrapper\">\n\t\t\t\t\t<a class=\"elementor-button elementor-button-link elementor-size-lg\" href=\"https:\/\/101insurance.ca\/quotation\/\" target=\"_blank\">\n\t\t\t\t\t\t<span class=\"elementor-button-content-wrapper\">\n\t\t\t\t\t\t\t\t\t<span class=\"elementor-button-text\">\u01af\u1edbc t\u00ednh nhu c\u1ea7u b\u1ea3o hi\u1ec3m<\/span>\n\t\t\t\t\t<\/span>\n\t\t\t\t\t<\/a>\n\t\t\t\t<\/div>\n\t\t\t\t\t\t\t\t<\/div>\n\t\t\t\t<\/div>\n\t\t\t\t\t<\/div>\n\t\t\t\t<\/div>\n\t\t\t\t\t<\/div>\n\t\t\t\t<\/div>\n\t\t\t\t\t<\/div>\n\t\t\t\t<\/div>\n\t\t\t\t<\/div>\n\t\t","protected":false},"excerpt":{"rendered":"<p>B\u1ea3o v\u1ec7 t\u01b0\u01a1ng lai, B\u1ea3o v\u1ec7 nh\u1eefng ng\u01b0\u1eddi th\u00e2n y\u00eau c\u1ee7a b\u1ea1n T\u1ea1i B\u1ea3o hi\u1ec3m 101, ch\u00fang t\u00f4i kh\u00f4ng ch\u1ec9 cung c\u1ea5p c\u00e1c s\u1ea3n ph\u1ea9m b\u1ea3o hi\u1ec3m m\u00e0 c\u00f2n gi\u00fap b\u1ea1n l\u1eadp k\u1ebf ho\u1ea1ch b\u1ea3o v\u1ec7 t\u00e0i ch\u00ednh cho nh\u1eefng ng\u01b0\u1eddi th\u00e2n y\u00eau nh\u1ea5t c\u1ee7a b\u1ea1n. Ch\u1ecdn s\u1ea3n ph\u1ea9m b\u1ea1n c\u1ea7n B\u1ea3o hi\u1ec3m du l\u1ecbch B\u1ea3o hi\u1ec3m nh\u00e2n th\u1ecd c\u00f3 th\u1eddi h\u1ea1n B\u1ea3o hi\u1ec3m nh\u00e2n th\u1ecd v\u0129nh vi\u1ec5n B\u1ea3o hi\u1ec3m b\u1ec7nh hi\u1ec3m ngh\u00e8o B\u1ea1n Kh\u00f4ng Ch\u1eafc Ch\u1eafn Lo\u1ea1i B\u1ea3o Hi\u1ec3m N\u00e0o Ph\u00f9 H\u1ee3p Nh\u1ea5t V\u1edbi Nhu C\u1ea7u C\u1ee7a M\u00ecnh? \u0110\u1eb7t l\u1ecbch h\u1eb9n v\u1edbi ch\u00fang t\u00f4i. H\u00e3y \u0111\u1ec3 ch\u00fang t\u00f4i gi\u00fap b\u1ea1n ki\u1ec3m tra m\u1ee9c ph\u00ed b\u1ea3o hi\u1ec3m. \u01af\u1edbc t\u00ednh nhu c\u1ea7u b\u1ea3o hi\u1ec3m<\/p>\n","protected":false},"author":1,"featured_media":0,"parent":0,"menu_order":0,"comment_status":"closed","ping_status":"closed","template":"","meta":{"_eb_attr":"","footnotes":""},"class_list":["post-2185","page","type-page","status-publish","hentry"],"_links":{"self":[{"href":"https:\/\/101insurance.ca\/vi\/wp-json\/wp\/v2\/pages\/2185","targetHints":{"allow":["GET"]}}],"collection":[{"href":"https:\/\/101insurance.ca\/vi\/wp-json\/wp\/v2\/pages"}],"about":[{"href":"https:\/\/101insurance.ca\/vi\/wp-json\/wp\/v2\/types\/page"}],"author":[{"embeddable":true,"href":"https:\/\/101insurance.ca\/vi\/wp-json\/wp\/v2\/users\/1"}],"replies":[{"embeddable":true,"href":"https:\/\/101insurance.ca\/vi\/wp-json\/wp\/v2\/comments?post=2185"}],"version-history":[{"count":0,"href":"https:\/\/101insurance.ca\/vi\/wp-json\/wp\/v2\/pages\/2185\/revisions"}],"wp:attachment":[{"href":"https:\/\/101insurance.ca\/vi\/wp-json\/wp\/v2\/media?parent=2185"}],"curies":[{"name":"wp","href":"https:\/\/api.w.org\/{rel}","templated":true}]}}